{"id":6,"date":"2022-07-21T10:38:45","date_gmt":"2022-07-21T10:38:45","guid":{"rendered":"http:\/\/ferranbochaca.com\/?page_id=6"},"modified":"2022-07-21T10:43:17","modified_gmt":"2022-07-21T10:43:17","slug":"refund_returns","status":"publish","type":"page","link":"https:\/\/ferranbochaca.com\/es\/refund_returns\/","title":{"rendered":"Pol\u00edtica de devoluciones y reembolsos"},"content":{"rendered":"<p><strong>Generalidades<\/strong><\/p>\n\n\n\n<p>Los productos o servicios comprados en www.ferranbochaca.com pueden ser devueltos dentro de los 30 d\u00edas siguientes a la recepci\u00f3n del env\u00edo en caso de producto o a la facilitaci\u00f3n del acceso al servicio. Durante este periodo puedes probar el producto o servicio. En caso de devoluci\u00f3n de un producto, este debe ser devuelto en las condiciones iguales a las de entrega y sin ning\u00fan tipo de da\u00f1o.<\/p>\n\n\n\n<p>Para ejercer tu derecho de devoluci\u00f3n y reembolso deber\u00e1s enviar un correo electr\u00f3nico a info@ferrranbochaca.com indicando tu nombre y apellidos y el producto o servicio sobre el que solicitas devoluci\u00f3n.<\/p>\n\n\n\n<p><strong>Reembolsos<\/strong><\/p>\n\n\n\n<p>Una vez hayamos inspeccionado el producto o recibido la solicitud de devoluci\u00f3n en caso de un servicio te enviaremos un correo electr\u00f3nico notific\u00e1ndote la recepci\u00f3n del mismo y la aprobaci\u00f3n o no de la devoluci\u00f3n.<\/p>\n\n\n\n<p>En caso de aprobar la devoluci\u00f3n, el reembolso ser\u00e1 procesado en los siguientes 14 d\u00edas y recibir\u00e1s un cr\u00e9dito en tu tarjeta de cr\u00e9dito o en el medio de pago que hubieras utilizado en el momento de la compra. <\/p>\n\n\n\n<p><strong>Cambios<\/strong><\/p>\n\n\n\n<p>S\u00f3lo aceptamos cambios de productos que tengan problemas de calidad o hayan llegado da\u00f1ados. Los reemplazaremos por un producto nuevo en correcto estado. Si es tu caso, env\u00edanos un correo electr\u00f3nico a info@ferranbochaca.com con la foto del producto y nos pondremos en contacto contigo para manejar el cambio.<\/p>\n\n\n\n<p><strong>\u00bfNecesitas ayuda?<\/strong><\/p>\n\n\n\n<p>Contacta con nosotros en info@ferrranbochaca.com para cualquier duda relacionada con devoluciones y reembolsos.<\/p>","protected":false},"excerpt":{"rendered":"<p>Generalidades Los productos o servicios comprados en www.ferranbochaca.com pueden ser devueltos dentro de los 30 d\u00edas siguientes a la recepci\u00f3n del env\u00edo en caso de producto o a la facilitaci\u00f3n del acceso al servicio. Durante este periodo puedes probar el producto o servicio. En caso de devoluci\u00f3n de un producto, este debe ser devuelto en [&hellip;]<\/p>","protected":false},"author":1,"featured_media":0,"parent":0,"menu_order":0,"comment_status":"closed","ping_status":"closed","template":"","meta":{"content-type":"","om_disable_all_campaigns":false,"_monsterinsights_skip_tracking":false,"_monsterinsights_sitenote_active":false,"_monsterinsights_sitenote_note":"","_monsterinsights_sitenote_category":0,"_themeisle_gutenberg_block_has_review":false,"footnotes":""},"class_list":["post-6","page","type-page","status-publish","hentry"],"aioseo_notices":[],"jetpack_sharing_enabled":true,"_links":{"self":[{"href":"https:\/\/ferranbochaca.com\/es\/wp-json\/wp\/v2\/pages\/6","targetHints":{"allow":["GET"]}}],"collection":[{"href":"https:\/\/ferranbochaca.com\/es\/wp-json\/wp\/v2\/pages"}],"about":[{"href":"https:\/\/ferranbochaca.com\/es\/wp-json\/wp\/v2\/types\/page"}],"author":[{"embeddable":true,"href":"https:\/\/ferranbochaca.com\/es\/wp-json\/wp\/v2\/users\/1"}],"replies":[{"embeddable":true,"href":"https:\/\/ferranbochaca.com\/es\/wp-json\/wp\/v2\/comments?post=6"}],"version-history":[{"count":4,"href":"https:\/\/ferranbochaca.com\/es\/wp-json\/wp\/v2\/pages\/6\/revisions"}],"predecessor-version":[{"id":1152,"href":"https:\/\/ferranbochaca.com\/es\/wp-json\/wp\/v2\/pages\/6\/revisions\/1152"}],"wp:attachment":[{"href":"https:\/\/ferranbochaca.com\/es\/wp-json\/wp\/v2\/media?parent=6"}],"curies":[{"name":"wp","href":"https:\/\/api.w.org\/{rel}","templated":true}]}}