{"id":1410,"date":"2022-09-24T10:48:54","date_gmt":"2022-09-24T10:48:54","guid":{"rendered":"https:\/\/ferranbochaca.com\/?page_id=1410"},"modified":"2022-10-22T12:14:06","modified_gmt":"2022-10-22T12:14:06","slug":"pre-inscripcio-2","status":"publish","type":"page","link":"https:\/\/ferranbochaca.com\/es\/pre-inscripcio-2\/","title":{"rendered":"Confirmaci\u00f3 pre-inscripcio"},"content":{"rendered":"<div data-elementor-type=\"wp-page\" data-elementor-id=\"1410\" class=\"elementor elementor-1410\">\n\t\t\t\t\t\t<section class=\"elementor-section elementor-top-section elementor-element elementor-element-990304f elementor-section-boxed elementor-section-height-default elementor-section-height-default\" data-id=\"990304f\" data-element_type=\"section\">\n\t\t\t\t\t\t<div class=\"elementor-container elementor-column-gap-default\">\n\t\t\t\t\t<div class=\"elementor-column elementor-col-100 elementor-top-column elementor-element elementor-element-50198b6\" data-id=\"50198b6\" data-element_type=\"column\">\n\t\t\t<div class=\"elementor-widget-wrap elementor-element-populated\">\n\t\t\t\t\t\t<div class=\"elementor-element elementor-element-2787d54 elementor-widget elementor-widget-text-editor\" data-id=\"2787d54\" data-element_type=\"widget\" data-widget_type=\"text-editor.default\">\n\t\t\t\t<div class=\"elementor-widget-container\">\n\t\t\t<style>\/*! elementor - v3.19.0 - 29-01-2024 *\/\n.elementor-widget-text-editor.elementor-drop-cap-view-stacked .elementor-drop-cap{background-color:#69727d;color:#fff}.elementor-widget-text-editor.elementor-drop-cap-view-framed .elementor-drop-cap{color:#69727d;border:3px solid;background-color:transparent}.elementor-widget-text-editor:not(.elementor-drop-cap-view-default) .elementor-drop-cap{margin-top:8px}.elementor-widget-text-editor:not(.elementor-drop-cap-view-default) .elementor-drop-cap-letter{width:1em;height:1em}.elementor-widget-text-editor .elementor-drop-cap{float:left;text-align:center;line-height:1;font-size:50px}.elementor-widget-text-editor .elementor-drop-cap-letter{display:inline-block}<\/style>\t\t\t\t\t\t\t\t\t\t<\/div>\n\t\t\t\t<\/div>\n\t\t\t\t<div class=\"elementor-element elementor-element-fbcd4ab elementor-widget elementor-widget-text-editor\" data-id=\"fbcd4ab\" data-element_type=\"widget\" data-widget_type=\"text-editor.default\">\n\t\t\t\t<div class=\"elementor-widget-container\">\n\t\t\t\t\t\t\t<h3 style=\"text-align: center;\"><b>Gracias por su pre-inscripci\u00f3n.<\/b><\/h3>\n<h3 style=\"text-align: center;\">En unos d\u00edas recibir\u00e1s un e-mail para confirmar tu inscripci\u00f3n.\u00a0<\/h3>\n<h3 style=\"text-align: center;\"><b>Te esperamos para que puedas encontrar tu bienestar.<\/b><\/h3>\t\t\t\t\t\t<\/div>\n\t\t\t\t<\/div>\n\t\t\t\t\t<\/div>\n\t\t<\/div>\n\t\t\t\t\t<\/div>\n\t\t<\/section>\n\t\t\t\t<section class=\"elementor-section elementor-top-section elementor-element elementor-element-2b2e01fb elementor-section-boxed elementor-section-height-default elementor-section-height-default\" data-id=\"2b2e01fb\" data-element_type=\"section\">\n\t\t\t\t\t\t<div class=\"elementor-container elementor-column-gap-default\">\n\t\t\t\t\t<div class=\"elementor-column elementor-col-100 elementor-top-column elementor-element elementor-element-269c5d15\" data-id=\"269c5d15\" data-element_type=\"column\">\n\t\t\t<div class=\"elementor-widget-wrap elementor-element-populated\">\n\t\t\t\t\t\t<div class=\"elementor-element elementor-element-715006e2 elementor-widget elementor-widget-text-editor\" data-id=\"715006e2\" data-element_type=\"widget\" data-widget_type=\"text-editor.default\">\n\t\t\t\t<div class=\"elementor-widget-container\">\n\t\t\t\t\t\t\t<!-- wp:themeisle-blocks\/advanced-columns {\"id\":\"wp-block-themeisle-blocks-advanced-columns-ac7addb2\",\"columns\":0} -->\n<div id=\"wp-block-themeisle-blocks-advanced-columns-ac7addb2\" class=\"wp-block-themeisle-blocks-advanced-columns has-0-columns has-desktop-undefined-layout has-tablet-equal-layout has-mobile-equal-layout has-vertical-unset\"><div class=\"wp-block-themeisle-blocks-advanced-columns-overlay\"><\/div><div class=\"innerblocks-wrap\"><\/div><\/div>\n<!-- \/wp:themeisle-blocks\/advanced-columns -->\t\t\t\t\t\t<\/div>\n\t\t\t\t<\/div>\n\t\t\t\t<div class=\"elementor-element elementor-element-cabd2a8 elementor-widget elementor-widget-spacer\" data-id=\"cabd2a8\" data-element_type=\"widget\" data-widget_type=\"spacer.default\">\n\t\t\t\t<div class=\"elementor-widget-container\">\n\t\t\t<style>\/*! elementor - v3.19.0 - 29-01-2024 *\/\n.elementor-column .elementor-spacer-inner{height:var(--spacer-size)}.e-con{--container-widget-width:100%}.e-con-inner>.elementor-widget-spacer,.e-con>.elementor-widget-spacer{width:var(--container-widget-width,var(--spacer-size));--align-self:var(--container-widget-align-self,initial);--flex-shrink:0}.e-con-inner>.elementor-widget-spacer>.elementor-widget-container,.e-con>.elementor-widget-spacer>.elementor-widget-container{height:100%;width:100%}.e-con-inner>.elementor-widget-spacer>.elementor-widget-container>.elementor-spacer,.e-con>.elementor-widget-spacer>.elementor-widget-container>.elementor-spacer{height:100%}.e-con-inner>.elementor-widget-spacer>.elementor-widget-container>.elementor-spacer>.elementor-spacer-inner,.e-con>.elementor-widget-spacer>.elementor-widget-container>.elementor-spacer>.elementor-spacer-inner{height:var(--container-widget-height,var(--spacer-size))}.e-con-inner>.elementor-widget-spacer.elementor-widget-empty,.e-con>.elementor-widget-spacer.elementor-widget-empty{position:relative;min-height:22px;min-width:22px}.e-con-inner>.elementor-widget-spacer.elementor-widget-empty .elementor-widget-empty-icon,.e-con>.elementor-widget-spacer.elementor-widget-empty .elementor-widget-empty-icon{position:absolute;top:0;bottom:0;left:0;right:0;margin:auto;padding:0;width:22px;height:22px}<\/style>\t\t<div class=\"elementor-spacer\">\n\t\t\t<div class=\"elementor-spacer-inner\"><\/div>\n\t\t<\/div>\n\t\t\t\t<\/div>\n\t\t\t\t<\/div>\n\t\t\t\t<div class=\"elementor-element elementor-element-65014c1 elementor-widget elementor-widget-image\" data-id=\"65014c1\" data-element_type=\"widget\" data-widget_type=\"image.default\">\n\t\t\t\t<div class=\"elementor-widget-container\">\n\t\t\t<style>\/*! elementor - v3.19.0 - 29-01-2024 *\/\n.elementor-widget-image{text-align:center}.elementor-widget-image a{display:inline-block}.elementor-widget-image a img[src$=\".svg\"]{width:48px}.elementor-widget-image img{vertical-align:middle;display:inline-block}<\/style>\t\t\t\t\t\t\t\t\t\t<img decoding=\"async\" width=\"150\" height=\"150\" src=\"data:image\/gif;base64,R0lGODlhAQABAIAAAAAAAP\/\/\/yH5BAEAAAAALAAAAAABAAEAAAIBRAA7\" data-src=\"https:\/\/ferranbochaca.com\/wp-content\/uploads\/2022\/09\/LOGO_FB_GYMKIDS-01-150x150.jpg\" class=\"attachment-thumbnail size-thumbnail wp-image-1384 lazyload\" alt=\"\" data-srcset=\"https:\/\/ferranbochaca.com\/wp-content\/uploads\/2022\/09\/LOGO_FB_GYMKIDS-01-150x150.jpg 150w, https:\/\/ferranbochaca.com\/wp-content\/uploads\/2022\/09\/LOGO_FB_GYMKIDS-01-300x300.jpg 300w, https:\/\/ferranbochaca.com\/wp-content\/uploads\/2022\/09\/LOGO_FB_GYMKIDS-01-1024x1024.jpg 1024w, https:\/\/ferranbochaca.com\/wp-content\/uploads\/2022\/09\/LOGO_FB_GYMKIDS-01-768x768.jpg 768w, https:\/\/ferranbochaca.com\/wp-content\/uploads\/2022\/09\/LOGO_FB_GYMKIDS-01-1536x1536.jpg 1536w, https:\/\/ferranbochaca.com\/wp-content\/uploads\/2022\/09\/LOGO_FB_GYMKIDS-01-2048x2048.jpg 2048w, https:\/\/ferranbochaca.com\/wp-content\/uploads\/2022\/09\/LOGO_FB_GYMKIDS-01-12x12.jpg 12w, https:\/\/ferranbochaca.com\/wp-content\/uploads\/2022\/09\/LOGO_FB_GYMKIDS-01-1320x1320.jpg 1320w, https:\/\/ferranbochaca.com\/wp-content\/uploads\/2022\/09\/LOGO_FB_GYMKIDS-01-600x600.jpg 600w, https:\/\/ferranbochaca.com\/wp-content\/uploads\/2022\/09\/LOGO_FB_GYMKIDS-01-100x100.jpg 100w\" sizes=\"(max-width: 150px) 100vw, 150px\" \/><noscript><img decoding=\"async\" width=\"150\" height=\"150\" src=\"https:\/\/ferranbochaca.com\/wp-content\/uploads\/2022\/09\/LOGO_FB_GYMKIDS-01-150x150.jpg\" class=\"attachment-thumbnail size-thumbnail wp-image-1384 lazyload\" alt=\"\" srcset=\"https:\/\/ferranbochaca.com\/wp-content\/uploads\/2022\/09\/LOGO_FB_GYMKIDS-01-150x150.jpg 150w, https:\/\/ferranbochaca.com\/wp-content\/uploads\/2022\/09\/LOGO_FB_GYMKIDS-01-300x300.jpg 300w, https:\/\/ferranbochaca.com\/wp-content\/uploads\/2022\/09\/LOGO_FB_GYMKIDS-01-1024x1024.jpg 1024w, https:\/\/ferranbochaca.com\/wp-content\/uploads\/2022\/09\/LOGO_FB_GYMKIDS-01-768x768.jpg 768w, https:\/\/ferranbochaca.com\/wp-content\/uploads\/2022\/09\/LOGO_FB_GYMKIDS-01-1536x1536.jpg 1536w, https:\/\/ferranbochaca.com\/wp-content\/uploads\/2022\/09\/LOGO_FB_GYMKIDS-01-2048x2048.jpg 2048w, https:\/\/ferranbochaca.com\/wp-content\/uploads\/2022\/09\/LOGO_FB_GYMKIDS-01-12x12.jpg 12w, https:\/\/ferranbochaca.com\/wp-content\/uploads\/2022\/09\/LOGO_FB_GYMKIDS-01-1320x1320.jpg 1320w, https:\/\/ferranbochaca.com\/wp-content\/uploads\/2022\/09\/LOGO_FB_GYMKIDS-01-600x600.jpg 600w, https:\/\/ferranbochaca.com\/wp-content\/uploads\/2022\/09\/LOGO_FB_GYMKIDS-01-100x100.jpg 100w\" sizes=\"(max-width: 150px) 100vw, 150px\" \/><\/noscript>\t\t\t\t\t\t\t\t\t\t\t\t\t<\/div>\n\t\t\t\t<\/div>\n\t\t\t\t\t<\/div>\n\t\t<\/div>\n\t\t\t\t\t<\/div>\n\t\t<\/section>\n\t\t\t\t<section class=\"elementor-section elementor-top-section elementor-element elementor-element-047190d elementor-section-boxed elementor-section-height-default elementor-section-height-default\" data-id=\"047190d\" data-element_type=\"section\">\n\t\t\t\t\t\t<div class=\"elementor-container elementor-column-gap-default\">\n\t\t\t\t\t<div class=\"elementor-column elementor-col-100 elementor-top-column elementor-element elementor-element-a465032\" data-id=\"a465032\" data-element_type=\"column\">\n\t\t\t<div class=\"elementor-widget-wrap elementor-element-populated\">\n\t\t\t\t\t\t<div class=\"elementor-element elementor-element-ecbf629 elementor-widget elementor-widget-spacer\" data-id=\"ecbf629\" data-element_type=\"widget\" data-widget_type=\"spacer.default\">\n\t\t\t\t<div class=\"elementor-widget-container\">\n\t\t\t\t\t<div class=\"elementor-spacer\">\n\t\t\t<div class=\"elementor-spacer-inner\"><\/div>\n\t\t<\/div>\n\t\t\t\t<\/div>\n\t\t\t\t<\/div>\n\t\t\t\t<div class=\"elementor-element elementor-element-1b1b322 elementor-shape-rounded elementor-grid-0 e-grid-align-center elementor-widget elementor-widget-social-icons\" data-id=\"1b1b322\" data-element_type=\"widget\" data-widget_type=\"social-icons.default\">\n\t\t\t\t<div class=\"elementor-widget-container\">\n\t\t\t<style>\/*! elementor - v3.19.0 - 29-01-2024 *\/\n.elementor-widget-social-icons.elementor-grid-0 .elementor-widget-container,.elementor-widget-social-icons.elementor-grid-mobile-0 .elementor-widget-container,.elementor-widget-social-icons.elementor-grid-tablet-0 .elementor-widget-container{line-height:1;font-size:0}.elementor-widget-social-icons:not(.elementor-grid-0):not(.elementor-grid-tablet-0):not(.elementor-grid-mobile-0) .elementor-grid{display:inline-grid}.elementor-widget-social-icons .elementor-grid{grid-column-gap:var(--grid-column-gap,5px);grid-row-gap:var(--grid-row-gap,5px);grid-template-columns:var(--grid-template-columns);justify-content:var(--justify-content,center);justify-items:var(--justify-content,center)}.elementor-icon.elementor-social-icon{font-size:var(--icon-size,25px);line-height:var(--icon-size,25px);width:calc(var(--icon-size, 25px) + 2 * var(--icon-padding, .5em));height:calc(var(--icon-size, 25px) + 2 * var(--icon-padding, .5em))}.elementor-social-icon{--e-social-icon-icon-color:#fff;display:inline-flex;background-color:#69727d;align-items:center;justify-content:center;text-align:center;cursor:pointer}.elementor-social-icon i{color:var(--e-social-icon-icon-color)}.elementor-social-icon svg{fill:var(--e-social-icon-icon-color)}.elementor-social-icon:last-child{margin:0}.elementor-social-icon:hover{opacity:.9;color:#fff}.elementor-social-icon-android{background-color:#a4c639}.elementor-social-icon-apple{background-color:#999}.elementor-social-icon-behance{background-color:#1769ff}.elementor-social-icon-bitbucket{background-color:#205081}.elementor-social-icon-codepen{background-color:#000}.elementor-social-icon-delicious{background-color:#39f}.elementor-social-icon-deviantart{background-color:#05cc47}.elementor-social-icon-digg{background-color:#005be2}.elementor-social-icon-dribbble{background-color:#ea4c89}.elementor-social-icon-elementor{background-color:#d30c5c}.elementor-social-icon-envelope{background-color:#ea4335}.elementor-social-icon-facebook,.elementor-social-icon-facebook-f{background-color:#3b5998}.elementor-social-icon-flickr{background-color:#0063dc}.elementor-social-icon-foursquare{background-color:#2d5be3}.elementor-social-icon-free-code-camp,.elementor-social-icon-freecodecamp{background-color:#006400}.elementor-social-icon-github{background-color:#333}.elementor-social-icon-gitlab{background-color:#e24329}.elementor-social-icon-globe{background-color:#69727d}.elementor-social-icon-google-plus,.elementor-social-icon-google-plus-g{background-color:#dd4b39}.elementor-social-icon-houzz{background-color:#7ac142}.elementor-social-icon-instagram{background-color:#262626}.elementor-social-icon-jsfiddle{background-color:#487aa2}.elementor-social-icon-link{background-color:#818a91}.elementor-social-icon-linkedin,.elementor-social-icon-linkedin-in{background-color:#0077b5}.elementor-social-icon-medium{background-color:#00ab6b}.elementor-social-icon-meetup{background-color:#ec1c40}.elementor-social-icon-mixcloud{background-color:#273a4b}.elementor-social-icon-odnoklassniki{background-color:#f4731c}.elementor-social-icon-pinterest{background-color:#bd081c}.elementor-social-icon-product-hunt{background-color:#da552f}.elementor-social-icon-reddit{background-color:#ff4500}.elementor-social-icon-rss{background-color:#f26522}.elementor-social-icon-shopping-cart{background-color:#4caf50}.elementor-social-icon-skype{background-color:#00aff0}.elementor-social-icon-slideshare{background-color:#0077b5}.elementor-social-icon-snapchat{background-color:#fffc00}.elementor-social-icon-soundcloud{background-color:#f80}.elementor-social-icon-spotify{background-color:#2ebd59}.elementor-social-icon-stack-overflow{background-color:#fe7a15}.elementor-social-icon-steam{background-color:#00adee}.elementor-social-icon-stumbleupon{background-color:#eb4924}.elementor-social-icon-telegram{background-color:#2ca5e0}.elementor-social-icon-thumb-tack{background-color:#1aa1d8}.elementor-social-icon-tripadvisor{background-color:#589442}.elementor-social-icon-tumblr{background-color:#35465c}.elementor-social-icon-twitch{background-color:#6441a5}.elementor-social-icon-twitter{background-color:#1da1f2}.elementor-social-icon-viber{background-color:#665cac}.elementor-social-icon-vimeo{background-color:#1ab7ea}.elementor-social-icon-vk{background-color:#45668e}.elementor-social-icon-weibo{background-color:#dd2430}.elementor-social-icon-weixin{background-color:#31a918}.elementor-social-icon-whatsapp{background-color:#25d366}.elementor-social-icon-wordpress{background-color:#21759b}.elementor-social-icon-xing{background-color:#026466}.elementor-social-icon-yelp{background-color:#af0606}.elementor-social-icon-youtube{background-color:#cd201f}.elementor-social-icon-500px{background-color:#0099e5}.elementor-shape-rounded .elementor-icon.elementor-social-icon{border-radius:10%}.elementor-shape-circle .elementor-icon.elementor-social-icon{border-radius:50%}<\/style>\t\t<div class=\"elementor-social-icons-wrapper elementor-grid\">\n\t\t\t\t\t\t\t<span class=\"elementor-grid-item\">\n\t\t\t\t\t<a class=\"elementor-icon elementor-social-icon elementor-social-icon-instagram elementor-repeater-item-4accaa2\" href=\"https:\/\/www.instagram.com\/ferranbochaca\/\" target=\"_blank\">\n\t\t\t\t\t\t<span class=\"elementor-screen-only\">Instagram<\/span>\n\t\t\t\t\t\t<i class=\"fab fa-instagram\"><\/i>\t\t\t\t\t<\/a>\n\t\t\t\t<\/span>\n\t\t\t\t\t\t\t<span class=\"elementor-grid-item\">\n\t\t\t\t\t<a class=\"elementor-icon elementor-social-icon elementor-social-icon-linkedin elementor-repeater-item-b15e4e5\" href=\"https:\/\/www.linkedin.com\/in\/ferran-bochaca-sabarich-99287312b\/\" target=\"_blank\">\n\t\t\t\t\t\t<span class=\"elementor-screen-only\">Linkedin<\/span>\n\t\t\t\t\t\t<i class=\"fab fa-linkedin\"><\/i>\t\t\t\t\t<\/a>\n\t\t\t\t<\/span>\n\t\t\t\t\t\t\t<span class=\"elementor-grid-item\">\n\t\t\t\t\t<a class=\"elementor-icon elementor-social-icon elementor-social-icon-app-store-ios elementor-repeater-item-6a3bfe2\" href=\"https:\/\/apps.apple.com\/app\/id6443487873\" target=\"_blank\">\n\t\t\t\t\t\t<span class=\"elementor-screen-only\">App-store-ios<\/span>\n\t\t\t\t\t\t<i class=\"fab fa-app-store-ios\"><\/i>\t\t\t\t\t<\/a>\n\t\t\t\t<\/span>\n\t\t\t\t\t\t\t<span class=\"elementor-grid-item\">\n\t\t\t\t\t<a class=\"elementor-icon elementor-social-icon elementor-social-icon-google-play elementor-repeater-item-ac381ca\" href=\"https:\/\/play.google.com\/store\/apps\/details?id=digifit.android.virtuagym.pro.ferranbochacagroupsl\" target=\"_blank\">\n\t\t\t\t\t\t<span class=\"elementor-screen-only\">Google-play<\/span>\n\t\t\t\t\t\t<i class=\"fab fa-google-play\"><\/i>\t\t\t\t\t<\/a>\n\t\t\t\t<\/span>\n\t\t\t\t\t<\/div>\n\t\t\t\t<\/div>\n\t\t\t\t<\/div>\n\t\t\t\t<section class=\"elementor-section elementor-inner-section elementor-element elementor-element-9a8ec85 elementor-section-boxed elementor-section-height-default elementor-section-height-default\" data-id=\"9a8ec85\" data-element_type=\"section\">\n\t\t\t\t\t\t<div class=\"elementor-container elementor-column-gap-default\">\n\t\t\t\t\t<div class=\"elementor-column elementor-col-50 elementor-inner-column elementor-element elementor-element-98deb4b\" data-id=\"98deb4b\" data-element_type=\"column\">\n\t\t\t<div class=\"elementor-widget-wrap elementor-element-populated\">\n\t\t\t\t\t\t<div class=\"elementor-element elementor-element-e2f7ffc elementor-widget elementor-widget-text-editor\" data-id=\"e2f7ffc\" data-element_type=\"widget\" data-widget_type=\"text-editor.default\">\n\t\t\t\t<div class=\"elementor-widget-container\">\n\t\t\t\t\t\t\t<p style=\"text-align: left;\"><span style=\"color: #626262; font-family: Poppins, sans-serif;\"><span style=\"font-size: 12px;\">Ferran Bochaca\u00a0<\/span><\/span><span style=\"color: #626262; font-family: Poppins, sans-serif; font-size: 12px; background-color: var( --e-global-color-2b4a467 ); word-spacing: 0em;\">\u00ae<\/span><span style=\"word-spacing: 0em; font-size: 12px; color: #626262; font-family: Poppins, sans-serif; background-color: var( --e-global-color-2b4a467 );\"> Todos los derechos reservados 2022<\/span><\/p>\t\t\t\t\t\t<\/div>\n\t\t\t\t<\/div>\n\t\t\t\t<div class=\"elementor-element elementor-element-5076545 elementor-widget elementor-widget-text-editor\" data-id=\"5076545\" data-element_type=\"widget\" data-widget_type=\"text-editor.default\">\n\t\t\t\t<div class=\"elementor-widget-container\">\n\t\t\t\t\t\t\t<p style=\"text-align: left;\"><a style=\"font-family: Poppins, sans-serif; font-size: 12px; text-size-adjust: auto;\" href=\"https:\/\/ferranbochaca.com\/es\/politica-de-privacidad\/\">Pol\u00edtica de privacidad<\/a><span style=\"caret-color: #626262; color: #626262; font-family: Poppins, sans-serif; font-size: 12px; text-size-adjust: auto;\"><span class=\"Apple-converted-space\">\u00a0<\/span>|<span class=\"Apple-converted-space\">\u00a0<\/span><\/span><a style=\"font-family: Poppins, sans-serif; font-size: 12px; text-size-adjust: auto;\" title=\"Pol\u00edtica de cookies\" href=\"https:\/\/ferranbochaca.com\/es\/politica-de-cookies\/\">Pol\u00edtica de cookies<\/a><\/p>\t\t\t\t\t\t<\/div>\n\t\t\t\t<\/div>\n\t\t\t\t\t<\/div>\n\t\t<\/div>\n\t\t\t\t<div class=\"elementor-column elementor-col-50 elementor-inner-column elementor-element elementor-element-a389282\" data-id=\"a389282\" data-element_type=\"column\">\n\t\t\t<div class=\"elementor-widget-wrap elementor-element-populated\">\n\t\t\t\t\t\t<div class=\"elementor-element elementor-element-eceb703 elementor-widget elementor-widget-text-editor\" data-id=\"eceb703\" data-element_type=\"widget\" data-widget_type=\"text-editor.default\">\n\t\t\t\t<div class=\"elementor-widget-container\">\n\t\t\t\t\t\t\t<p><span style=\"color: #626262; font-family: Poppins, sans-serif;\"><span style=\"font-size: 12px;\">Functional Training - Avda. Catalu\u00f1a, 12. La Pobla de Segur.<\/span><\/span><\/p>\t\t\t\t\t\t<\/div>\n\t\t\t\t<\/div>\n\t\t\t\t<div class=\"elementor-element elementor-element-fe661b6 elementor-widget elementor-widget-text-editor\" data-id=\"fe661b6\" data-element_type=\"widget\" data-widget_type=\"text-editor.default\">\n\t\t\t\t<div class=\"elementor-widget-container\">\n\t\t\t\t\t\t\t<p><span style=\"color: #626262; font-family: Poppins, sans-serif;\"><span style=\"font-size: 12px;\">Gym&amp;Kids \u2013 Avda. Verdaguer, 27. La Pobla de Segur.<\/span><\/span><\/p>\t\t\t\t\t\t<\/div>\n\t\t\t\t<\/div>\n\t\t\t\t\t<\/div>\n\t\t<\/div>\n\t\t\t\t\t<\/div>\n\t\t<\/section>\n\t\t\t\t\t<\/div>\n\t\t<\/div>\n\t\t\t\t\t<\/div>\n\t\t<\/section>\n\t\t\t\t<\/div>","protected":false},"excerpt":{"rendered":"<p>Gr\u00e0cies per la vostra pre-inscripci\u00f3. En uns dies rebr\u00e0s un correu electr\u00f2nic per confirmar la teva inscripci\u00f3.\u00a0 T&#8217;esperem perqu\u00e8 puguis trobar el teu benestar. Instagram Linkedin App-store-ios Google-play Ferran Bochaca\u00a0\u00ae Tots els drets reservats 2022 Pol\u00edtica de privadesa\u00a0|\u00a0Pol\u00edtica de cookies Functional Training &#8211; Avda. Catalaunya, 12. La Pobla de Segur. Gym&amp;Kids &#8211; Avda. Verdaguer, 27. [&hellip;]<\/p>","protected":false},"author":1,"featured_media":0,"parent":0,"menu_order":0,"comment_status":"closed","ping_status":"closed","template":"elementor_header_footer","meta":{"content-type":"","om_disable_all_campaigns":false,"_monsterinsights_skip_tracking":false,"_monsterinsights_sitenote_active":false,"_monsterinsights_sitenote_note":"","_monsterinsights_sitenote_category":0,"_themeisle_gutenberg_block_has_review":false,"footnotes":""},"class_list":["post-1410","page","type-page","status-publish","hentry"],"aioseo_notices":[],"jetpack_sharing_enabled":true,"_links":{"self":[{"href":"https:\/\/ferranbochaca.com\/es\/wp-json\/wp\/v2\/pages\/1410","targetHints":{"allow":["GET"]}}],"collection":[{"href":"https:\/\/ferranbochaca.com\/es\/wp-json\/wp\/v2\/pages"}],"about":[{"href":"https:\/\/ferranbochaca.com\/es\/wp-json\/wp\/v2\/types\/page"}],"author":[{"embeddable":true,"href":"https:\/\/ferranbochaca.com\/es\/wp-json\/wp\/v2\/users\/1"}],"replies":[{"embeddable":true,"href":"https:\/\/ferranbochaca.com\/es\/wp-json\/wp\/v2\/comments?post=1410"}],"version-history":[{"count":16,"href":"https:\/\/ferranbochaca.com\/es\/wp-json\/wp\/v2\/pages\/1410\/revisions"}],"predecessor-version":[{"id":1613,"href":"https:\/\/ferranbochaca.com\/es\/wp-json\/wp\/v2\/pages\/1410\/revisions\/1613"}],"wp:attachment":[{"href":"https:\/\/ferranbochaca.com\/es\/wp-json\/wp\/v2\/media?parent=1410"}],"curies":[{"name":"wp","href":"https:\/\/api.w.org\/{rel}","templated":true}]}}